{"id":289,"date":"2025-11-12T18:10:41","date_gmt":"2025-11-12T17:10:41","guid":{"rendered":"https:\/\/marcinkapral.pl\/?page_id=289"},"modified":"2025-11-12T18:10:41","modified_gmt":"2025-11-12T17:10:41","slug":"uslugi","status":"publish","type":"page","link":"https:\/\/mar.marcinkapral.pl\/?page_id=289","title":{"rendered":"Us\u0142ugi"},"content":{"rendered":"<h2>Us\u0142ugi<\/h2>\n<h2>Poznaj bli\u017cej moje us\u0142ugi !<\/h2>\n<h1>Tworzenie Stron Internetowych \u2013 Kompleksowa Realizacja od A do Z<\/h1>\n<p data-start=\"309\" data-end=\"706\">Tworz\u0119 nowoczesne, szybkie i skuteczne strony internetowe, dopasowane do potrzeb Twojego biznesu. Ka\u017cdy projekt realizuj\u0119 wed\u0142ug jasno okre\u015blonego procesu, dzi\u0119ki czemu masz pe\u0142n\u0105 kontrol\u0119 nad ka\u017cdym etapem powstawania strony.<\/p>\n<ul>\n<li>\n\t\t\t\t\t\t\t<svg aria-hidden=\"true\" viewBox=\"0 0 512 512\" xmlns=\"http:\/\/www.w3.org\/2000\/svg\"><path d=\"M256 8C119 8 8 119 8 256s111 248 248 248 248-111 248-248S393 8 256 8z\"><\/path><\/svg><br \/>\n\t\t\t\t\t\t\t\t\t\tKonsultacja i Analiza Potrzeb\n\t\t\t\t\t\t\t\t\t<\/li>\n<li>\n\t\t\t\t\t\t\t<svg aria-hidden=\"true\" viewBox=\"0 0 512 512\" xmlns=\"http:\/\/www.w3.org\/2000\/svg\"><path d=\"M256 8C119 8 8 119 8 256s111 248 248 248 248-111 248-248S393 8 256 8z\"><\/path><\/svg><br \/>\n\t\t\t\t\t\t\t\t\t\tProjektowanie UX\/UI\n\t\t\t\t\t\t\t\t\t<\/li>\n<li>\n\t\t\t\t\t\t\t<svg aria-hidden=\"true\" viewBox=\"0 0 512 512\" xmlns=\"http:\/\/www.w3.org\/2000\/svg\"><path d=\"M256 8C119 8 8 119 8 256s111 248 248 248 248-111 248-248S393 8 256 8z\"><\/path><\/svg><br \/>\n\t\t\t\t\t\t\t\t\t\tProfesjonalne Kodowanie\n\t\t\t\t\t\t\t\t\t<\/li>\n<li>\n\t\t\t\t\t\t\t<svg aria-hidden=\"true\" viewBox=\"0 0 512 512\" xmlns=\"http:\/\/www.w3.org\/2000\/svg\"><path d=\"M256 8C119 8 8 119 8 256s111 248 248 248 248-111 248-248S393 8 256 8z\"><\/path><\/svg><br \/>\n\t\t\t\t\t\t\t\t\t\tIntegracje i Funkcjonalno\u015bci\n\t\t\t\t\t\t\t\t\t<\/li>\n<li>\n\t\t\t\t\t\t\t<svg aria-hidden=\"true\" viewBox=\"0 0 512 512\" xmlns=\"http:\/\/www.w3.org\/2000\/svg\"><path d=\"M256 8C119 8 8 119 8 256s111 248 248 248 248-111 248-248S393 8 256 8z\"><\/path><\/svg><br \/>\n\t\t\t\t\t\t\t\t\t\tOptymalizacja SEO\n\t\t\t\t\t\t\t\t\t<\/li>\n<li>\n\t\t\t\t\t\t\t<svg aria-hidden=\"true\" viewBox=\"0 0 512 512\" xmlns=\"http:\/\/www.w3.org\/2000\/svg\"><path d=\"M256 8C119 8 8 119 8 256s111 248 248 248 248-111 248-248S393 8 256 8z\"><\/path><\/svg><br \/>\n\t\t\t\t\t\t\t\t\t\tTestowanie i Publikacja\n\t\t\t\t\t\t\t\t\t<\/li>\n<li>\n\t\t\t\t\t\t\t<svg aria-hidden=\"true\" viewBox=\"0 0 512 512\" xmlns=\"http:\/\/www.w3.org\/2000\/svg\"><path d=\"M256 8C119 8 8 119 8 256s111 248 248 248 248-111 248-248S393 8 256 8z\"><\/path><\/svg><br \/>\n\t\t\t\t\t\t\t\t\t\tWsparcie i Gwarancja\n\t\t\t\t\t\t\t\t\t<\/li>\n<\/ul>\n<p>\t\t\t\t\t\t\t\t\t\t\t\t<a href=\"https:\/\/mar.marcinkapral.pl\/?page_id=310\"><br \/>\n\t\t\t\t\t\t\t\t\tSkonsultuj projekt<br \/>\n\t\t\t\t\t<\/a><br \/>\n\t\t\t\t\t\t\t\t\t\t\t\t\t\t\t\t\t\t\t<img loading=\"lazy\" decoding=\"async\" width=\"303\" height=\"457\" src=\"https:\/\/mar.marcinkapral.pl\/wp-content\/uploads\/2025\/11\/Projekt-bez-nazwy-7-e1763397043301.png\" alt=\"\" srcset=\"https:\/\/marcinkapral.pl\/wp-content\/uploads\/2025\/11\/Projekt-bez-nazwy-7-e1763397043301.png 303w, https:\/\/marcinkapral.pl\/wp-content\/uploads\/2025\/11\/Projekt-bez-nazwy-7-e1763397043301-199x300.png 199w\" sizes=\"auto, (max-width: 303px) 100vw, 303px\" \/>\t\t\t\t\t\t\t\t\t\t\t\t\t\t\t\t\t\t\t\t\t\t\t\t\t\t<img loading=\"lazy\" decoding=\"async\" width=\"332\" height=\"503\" src=\"https:\/\/mar.marcinkapral.pl\/wp-content\/uploads\/2025\/11\/Projekt-bez-nazwy-8-e1763398665730.png\" alt=\"\" srcset=\"https:\/\/marcinkapral.pl\/wp-content\/uploads\/2025\/11\/Projekt-bez-nazwy-8-e1763398665730.png 332w, https:\/\/marcinkapral.pl\/wp-content\/uploads\/2025\/11\/Projekt-bez-nazwy-8-e1763398665730-198x300.png 198w\" sizes=\"auto, (max-width: 332px) 100vw, 332px\" \/>\t\t\t\t\t\t\t\t\t\t\t\t\t\t\t\t<\/p>\n<h1>Tworzenie Sklep\u00f3w Internetowych \u2014 Profesjonalnie, Skutecznie, Sprzeda\u017cowo<\/h1>\n<p data-start=\"309\" data-end=\"706\">W dzisiejszym \u015bwiecie dobrze zaprojektowany sklep internetowy to nie tylko miejsce sprzeda\u017cy \u2014 to kluczowe narz\u0119dzie budowania marki, zdobywania klient\u00f3w i skalowania biznesu. Tworz\u0119 nowoczesne, szybkie i intuicyjne sklepy online, kt\u00f3re nie tylko \u015bwietnie wygl\u0105daj\u0105, ale przede wszystkim sprzedaj\u0105.<\/p>\n<ul>\n<li>\n\t\t\t\t\t\t\t<svg aria-hidden=\"true\" viewBox=\"0 0 512 512\" xmlns=\"http:\/\/www.w3.org\/2000\/svg\"><path d=\"M256 8C119 8 8 119 8 256s111 248 248 248 248-111 248-248S393 8 256 8z\"><\/path><\/svg><br \/>\n\t\t\t\t\t\t\t\t\t\tNowoczesny, estetyczny design\n\t\t\t\t\t\t\t\t\t<\/li>\n<li>\n\t\t\t\t\t\t\t<svg aria-hidden=\"true\" viewBox=\"0 0 512 512\" xmlns=\"http:\/\/www.w3.org\/2000\/svg\"><path d=\"M256 8C119 8 8 119 8 256s111 248 248 248 248-111 248-248S393 8 256 8z\"><\/path><\/svg><br \/>\n\t\t\t\t\t\t\t\t\t\tTechnologia dopasowana do Twoich potrzeb\n\t\t\t\t\t\t\t\t\t<\/li>\n<li>\n\t\t\t\t\t\t\t<svg aria-hidden=\"true\" viewBox=\"0 0 512 512\" xmlns=\"http:\/\/www.w3.org\/2000\/svg\"><path d=\"M256 8C119 8 8 119 8 256s111 248 248 248 248-111 248-248S393 8 256 8z\"><\/path><\/svg><br \/>\n\t\t\t\t\t\t\t\t\t\tPe\u0142n\u0105 funkcjonalno\u015b\u0107 sklepu\n\t\t\t\t\t\t\t\t\t<\/li>\n<li>\n\t\t\t\t\t\t\t<svg aria-hidden=\"true\" viewBox=\"0 0 512 512\" xmlns=\"http:\/\/www.w3.org\/2000\/svg\"><path d=\"M256 8C119 8 8 119 8 256s111 248 248 248 248-111 248-248S393 8 256 8z\"><\/path><\/svg><br \/>\n\t\t\t\t\t\t\t\t\t\tOptymalizacj\u0119 pod SEO\n\t\t\t\t\t\t\t\t\t<\/li>\n<li>\n\t\t\t\t\t\t\t<svg aria-hidden=\"true\" viewBox=\"0 0 512 512\" xmlns=\"http:\/\/www.w3.org\/2000\/svg\"><path d=\"M256 8C119 8 8 119 8 256s111 248 248 248 248-111 248-248S393 8 256 8z\"><\/path><\/svg><br \/>\n\t\t\t\t\t\t\t\t\t\tResponsywno\u015b\u0107 z urz\u0105dzeniami mobilnymi\n\t\t\t\t\t\t\t\t\t<\/li>\n<li>\n\t\t\t\t\t\t\t<svg aria-hidden=\"true\" viewBox=\"0 0 512 512\" xmlns=\"http:\/\/www.w3.org\/2000\/svg\"><path d=\"M256 8C119 8 8 119 8 256s111 248 248 248 248-111 248-248S393 8 256 8z\"><\/path><\/svg><br \/>\n\t\t\t\t\t\t\t\t\t\tTestowanie i Publikacja\n\t\t\t\t\t\t\t\t\t<\/li>\n<li>\n\t\t\t\t\t\t\t<svg aria-hidden=\"true\" viewBox=\"0 0 512 512\" xmlns=\"http:\/\/www.w3.org\/2000\/svg\"><path d=\"M256 8C119 8 8 119 8 256s111 248 248 248 248-111 248-248S393 8 256 8z\"><\/path><\/svg><br \/>\n\t\t\t\t\t\t\t\t\t\tSzkolenie i wsparcie\n\t\t\t\t\t\t\t\t\t<\/li>\n<\/ul>\n<p>\t\t\t\t\t\t\t\t\t\t\t\t<a href=\"https:\/\/mar.marcinkapral.pl\/?page_id=310\"><br \/>\n\t\t\t\t\t\t\t\t\tSkonsultuj projekt<br \/>\n\t\t\t\t\t<\/a><\/p>\n<h1>Audyt i Naprawa Istniej\u0105cej Strony \u2014 Ulepsz Swoj\u0105 Witryn\u0119, Zwi\u0119ksz Sprzeda\u017c i Wydajno\u015b\u0107<\/h1>\n<p data-start=\"309\" data-end=\"706\">Twoja strona dzia\u0142a, ale nie dzia\u0142a tak, jak powinna? Jest wolna, nieintuicyjna, nie generuje sprzeda\u017cy albo klienci zg\u0142aszaj\u0105 problemy?<br data-start=\"385\" data-end=\"388\" \/>W ramach kompleksowego audytu analizuj\u0119 stron\u0119 pod k\u0105tem wydajno\u015bci, u\u017cyteczno\u015bci, technikali\u00f3w oraz skuteczno\u015bci biznesowej \u2014 a nast\u0119pnie wprowadzam optymalizacje, kt\u00f3re realnie poprawiaj\u0105 jej dzia\u0142anie.<\/p>\n<ul>\n<li>\n\t\t\t\t\t\t\t<svg aria-hidden=\"true\" viewBox=\"0 0 512 512\" xmlns=\"http:\/\/www.w3.org\/2000\/svg\"><path d=\"M256 8C119 8 8 119 8 256s111 248 248 248 248-111 248-248S393 8 256 8z\"><\/path><\/svg><br \/>\n\t\t\t\t\t\t\t\t\t\tAudyt UX \u2014 do\u015bwiadczenie u\u017cytkownika\n\t\t\t\t\t\t\t\t\t<\/li>\n<li>\n\t\t\t\t\t\t\t<svg aria-hidden=\"true\" viewBox=\"0 0 512 512\" xmlns=\"http:\/\/www.w3.org\/2000\/svg\"><path d=\"M256 8C119 8 8 119 8 256s111 248 248 248 248-111 248-248S393 8 256 8z\"><\/path><\/svg><br \/>\n\t\t\t\t\t\t\t\t\t\tAudyt techniczny\n\t\t\t\t\t\t\t\t\t<\/li>\n<li>\n\t\t\t\t\t\t\t<svg aria-hidden=\"true\" viewBox=\"0 0 512 512\" xmlns=\"http:\/\/www.w3.org\/2000\/svg\"><path d=\"M256 8C119 8 8 119 8 256s111 248 248 248 248-111 248-248S393 8 256 8z\"><\/path><\/svg><br \/>\n\t\t\t\t\t\t\t\t\t\tAudyt SEO\n\t\t\t\t\t\t\t\t\t<\/li>\n<li>\n\t\t\t\t\t\t\t<svg aria-hidden=\"true\" viewBox=\"0 0 512 512\" xmlns=\"http:\/\/www.w3.org\/2000\/svg\"><path d=\"M256 8C119 8 8 119 8 256s111 248 248 248 248-111 248-248S393 8 256 8z\"><\/path><\/svg><br \/>\n\t\t\t\t\t\t\t\t\t\tAudyt bezpiecze\u0144stwa\n\t\t\t\t\t\t\t\t\t<\/li>\n<li>\n\t\t\t\t\t\t\t<svg aria-hidden=\"true\" viewBox=\"0 0 512 512\" xmlns=\"http:\/\/www.w3.org\/2000\/svg\"><path d=\"M256 8C119 8 8 119 8 256s111 248 248 248 248-111 248-248S393 8 256 8z\"><\/path><\/svg><br \/>\n\t\t\t\t\t\t\t\t\t\tNaprawa strony \u2014 szybka i skuteczna\n\t\t\t\t\t\t\t\t\t<\/li>\n<li>\n\t\t\t\t\t\t\t<svg aria-hidden=\"true\" viewBox=\"0 0 512 512\" xmlns=\"http:\/\/www.w3.org\/2000\/svg\"><path d=\"M256 8C119 8 8 119 8 256s111 248 248 248 248-111 248-248S393 8 256 8z\"><\/path><\/svg><br \/>\n\t\t\t\t\t\t\t\t\t\tTestowanie i Publikacja\n\t\t\t\t\t\t\t\t\t<\/li>\n<li>\n\t\t\t\t\t\t\t<svg aria-hidden=\"true\" viewBox=\"0 0 512 512\" xmlns=\"http:\/\/www.w3.org\/2000\/svg\"><path d=\"M256 8C119 8 8 119 8 256s111 248 248 248 248-111 248-248S393 8 256 8z\"><\/path><\/svg><br \/>\n\t\t\t\t\t\t\t\t\t\tSzkolenie i wsparcie\n\t\t\t\t\t\t\t\t\t<\/li>\n<\/ul>\n<p>\t\t\t\t\t\t\t\t\t\t\t\t<a href=\"https:\/\/mar.marcinkapral.pl\/?page_id=310\"><br \/>\n\t\t\t\t\t\t\t\t\tSkonsultuj projekt<br \/>\n\t\t\t\t\t<\/a><br \/>\n\t\t\t\t\t\t\t\t\t\t\t\t\t\t\t\t\t\t\t<img loading=\"lazy\" decoding=\"async\" width=\"512\" height=\"768\" src=\"https:\/\/mar.marcinkapral.pl\/wp-content\/uploads\/2025\/11\/Projekt-bez-nazwy-9.png\" alt=\"\" srcset=\"https:\/\/marcinkapral.pl\/wp-content\/uploads\/2025\/11\/Projekt-bez-nazwy-9.png 512w, https:\/\/marcinkapral.pl\/wp-content\/uploads\/2025\/11\/Projekt-bez-nazwy-9-200x300.png 200w\" sizes=\"auto, (max-width: 512px) 100vw, 512px\" \/>\t\t\t\t\t\t\t\t\t\t\t\t\t\t\t\t<\/p>\n<h2>KONTAKT<\/h2>\n<h2>Skontaktuj si\u0119 ze mn\u0105 i stw\u00f3rzmy co\u015b wyj\u0105tkowego!<\/h2>\n<p>Masz pomys\u0142, kt\u00f3ry zas\u0142uguje na \u015bwietn\u0105 stron\u0119 internetow\u0105?\u00a0<br data-start=\"239\" data-end=\"242\" \/>Opowiedz mi o nim \u2014 razem zamienimy go w co\u015b, co naprawd\u0119 dzia\u0142a i wygl\u0105da \u015bwietnie.<br data-start=\"326\" data-end=\"329\" \/>Wype\u0142nij formularz i daj zna\u0107, co chcesz stworzy\u0107.<\/p>\n<ul>\n<li>\n\t\t\t\t\t\t\t\t\t\t\t<a href=\"tel:%20%20698%20386%20587\"><br \/>\n\t\t\t\t\t\t\t<svg aria-hidden=\"true\" viewBox=\"0 0 512 512\" xmlns=\"http:\/\/www.w3.org\/2000\/svg\"><path d=\"M497.39 361.8l-112-48a24 24 0 0 0-28 6.9l-49.6 60.6A370.66 370.66 0 0 1 130.6 204.11l60.6-49.6a23.94 23.94 0 0 0 6.9-28l-48-112A24.16 24.16 0 0 0 122.6.61l-104 24A24 24 0 0 0 0 48c0 256.5 207.9 464 464 464a24 24 0 0 0 23.4-18.6l24-104a24.29 24.29 0 0 0-14.01-27.6z\"><\/path><\/svg><br \/>\n\t\t\t\t\t\t\t\t\t\t 698 386 587<br \/>\n\t\t\t\t\t\t\t\t\t\t\t<\/a>\n\t\t\t\t\t\t\t\t\t<\/li>\n<li>\n\t\t\t\t\t\t\t\t\t\t\t<a href=\"mailto:%20kontakt@marcinkapral.pl\"><br \/>\n\t\t\t\t\t\t\t<svg aria-hidden=\"true\" viewBox=\"0 0 512 512\" xmlns=\"http:\/\/www.w3.org\/2000\/svg\"><path d=\"M502.3 190.8c3.9-3.1 9.7-.2 9.7 4.7V400c0 26.5-21.5 48-48 48H48c-26.5 0-48-21.5-48-48V195.6c0-5 5.7-7.8 9.7-4.7 22.4 17.4 52.1 39.5 154.1 113.6 21.1 15.4 56.7 47.8 92.2 47.6 35.7.3 72-32.8 92.3-47.6 102-74.1 131.6-96.3 154-113.7zM256 320c23.2.4 56.6-29.2 73.4-41.4 132.7-96.3 142.8-104.7 173.4-128.7 5.8-4.5 9.2-11.5 9.2-18.9v-19c0-26.5-21.5-48-48-48H48C21.5 64 0 85.5 0 112v19c0 7.4 3.4 14.3 9.2 18.9 30.6 23.9 40.7 32.4 173.4 128.7 16.8 12.2 50.2 41.8 73.4 41.4z\"><\/path><\/svg><br \/>\n\t\t\t\t\t\t\t\t\t\tkontakt@marcinkapral.pl<br \/>\n\t\t\t\t\t\t\t\t\t\t\t<\/a>\n\t\t\t\t\t\t\t\t\t<\/li>\n<\/ul>\n<form id=\"wpforms-form-151\" data-formid=\"151\" method=\"post\" enctype=\"multipart\/form-data\" action=\"\/wp-admin\/admin-ajax.php\" data-token=\"a57df383bb3bac5be68fd70fa21d4fac\" data-token-time=\"1763403747\"><noscript>Aby wype\u0142ni\u0107 ten formularz, w\u0142\u0105cz obs\u0142ug\u0119 JavaScript w przegl\u0105darce.<\/noscript>Aby wype\u0142ni\u0107 ten formularz, w\u0142\u0105cz obs\u0142ug\u0119 JavaScript w przegl\u0105darce.<label for=\"wpforms-151-field_6\" aria-hidden=\"false\">Imi\u0119 i nazwisko *<\/label><input type=\"text\" id=\"wpforms-151-field_6\" name=\"wpforms[fields][6]\" placeholder=\"Imi\u0119 i nazwisko\" aria-errormessage=\"wpforms-151-field_6-error\" required><label for=\"wpforms-151-field_8\" aria-hidden=\"false\">Adres e-mail *<\/label><input type=\"email\" id=\"wpforms-151-field_8\" name=\"wpforms[fields][8]\" placeholder=\"Adres e-mail\" spellcheck=\"false\" aria-errormessage=\"wpforms-151-field_8-error\" required><label for=\"wpforms-151-field_9\" aria-hidden=\"false\">Telefon *<\/label><br \/>\n\t\t\t\t<input type=\"text\" placeholder=\"Telefon\" value=\"\" readonly><\/p>\n<fieldset>\n<legend aria-hidden=\"false\"><\/legend>\n<ul id=\"wpforms-151-field_11\">\n<li><input type=\"checkbox\" id=\"wpforms-151-field_11_1\" name=\"wpforms[fields][11][]\" value=\"Strona internetowa\" aria-errormessage=\"wpforms-151-field_11_1-error\"  ><label for=\"wpforms-151-field_11_1\">Strona internetowa<\/label><\/li>\n<li><input type=\"checkbox\" id=\"wpforms-151-field_11_2\" name=\"wpforms[fields][11][]\" value=\"Sklep internetowy\" aria-errormessage=\"wpforms-151-field_11_2-error\"  ><label for=\"wpforms-151-field_11_2\">Sklep internetowy<\/label><\/li>\n<li><input type=\"checkbox\" id=\"wpforms-151-field_11_3\" name=\"wpforms[fields][11][]\" value=\"Audyt i poprawa strony\" aria-errormessage=\"wpforms-151-field_11_3-error\"  ><label for=\"wpforms-151-field_11_3\">Audyt i poprawa strony<\/label><\/li>\n<\/ul>\n<\/fieldset>\n<p><label for=\"wpforms-151-field_13\" aria-hidden=\"false\">Kr\u00f3tki opis projektu<\/label><textarea id=\"wpforms-151-field_13\" name=\"wpforms[fields][13]\" placeholder=\"Kr\u00f3tki opis projektu\" aria-errormessage=\"wpforms-151-field_13-error\" ><\/textarea><!-- .wpforms-field-container --><input type=\"hidden\" name=\"wpforms[id]\" value=\"151\">\t\t\t<input\n\t\t\t\ttype=\"hidden\"\n\t\t\t\tname=\"wpforms[nonce]\"\n\t\t\t\tvalue=\"bead9bd9a8\"\n\t\t\t\/><br \/>\n\t\t\t<input type=\"hidden\" name=\"page_title\" value=\"{page_title}\"><input type=\"hidden\" name=\"page_url\" value=\"http:\/\/page_url\"><input type=\"hidden\" name=\"url_referer\" value=\"http:\/\/url_referer\"><button type=\"submit\" name=\"wpforms[submit]\" id=\"wpforms-submit-151\" data-alt-text=\"Wysy\u0142anie...\" data-submit-text=\"Wy\u015blij\" aria-live=\"assertive\" value=\"wpforms-submit\">Wy\u015blij<\/button><img loading=\"lazy\" decoding=\"async\" src=\"https:\/\/mar.marcinkapral.pl\/wp-content\/plugins\/wpforms\/assets\/images\/submit-spin.svg\" style=\"display: none;\" width=\"26\" height=\"26\" alt=\"Wczytywanie\"><\/form>\n<p>  <!-- .wpforms-container --><\/p>\n","protected":false},"excerpt":{"rendered":"<p>Us\u0142ugi Poznaj bli\u017cej moje us\u0142ugi ! Tworzenie Stron Internetowych \u2013 Kompleksowa Realizacja od A do Z Tworz\u0119 nowoczesne, szybkie i skuteczne strony internetowe, dopasowane do potrzeb Twojego biznesu. Ka\u017cdy projekt realizuj\u0119 wed\u0142ug jasno okre\u015blonego procesu, dzi\u0119ki czemu masz pe\u0142n\u0105 kontrol\u0119 nad ka\u017cdym etapem powstawania strony. Konsultacja i Analiza Potrzeb Projektowanie UX\/UI Profesjonalne Kodowanie Integracje i [&hellip;]<\/p>\n","protected":false},"author":2,"featured_media":0,"parent":0,"menu_order":0,"comment_status":"closed","ping_status":"closed","template":"","meta":{"footnotes":""},"class_list":["post-289","page","type-page","status-publish","hentry"],"_links":{"self":[{"href":"https:\/\/mar.marcinkapral.pl\/index.php?rest_route=\/wp\/v2\/pages\/289","targetHints":{"allow":["GET"]}}],"collection":[{"href":"https:\/\/mar.marcinkapral.pl\/index.php?rest_route=\/wp\/v2\/pages"}],"about":[{"href":"https:\/\/mar.marcinkapral.pl\/index.php?rest_route=\/wp\/v2\/types\/page"}],"author":[{"embeddable":true,"href":"https:\/\/mar.marcinkapral.pl\/index.php?rest_route=\/wp\/v2\/users\/2"}],"replies":[{"embeddable":true,"href":"https:\/\/mar.marcinkapral.pl\/index.php?rest_route=%2Fwp%2Fv2%2Fcomments&post=289"}],"version-history":[{"count":0,"href":"https:\/\/mar.marcinkapral.pl\/index.php?rest_route=\/wp\/v2\/pages\/289\/revisions"}],"wp:attachment":[{"href":"https:\/\/mar.marcinkapral.pl\/index.php?rest_route=%2Fwp%2Fv2%2Fmedia&parent=289"}],"curies":[{"name":"wp","href":"https:\/\/api.w.org\/{rel}","templated":true}]}}