{"id":334,"date":"2025-11-17T18:50:47","date_gmt":"2025-11-17T17:50:47","guid":{"rendered":"https:\/\/marcinkapral.pl\/?page_id=334"},"modified":"2025-11-17T18:50:47","modified_gmt":"2025-11-17T17:50:47","slug":"portfolio","status":"publish","type":"page","link":"https:\/\/mar.marcinkapral.pl\/?page_id=334","title":{"rendered":"Portfolio"},"content":{"rendered":"<h2>Sprawd\u017a moje realizacje !<\/h2>\n<p>Poznaj wybrane projekty, kt\u00f3re stworzy\u0142em dla firm i marek z r\u00f3\u017cnych bran\u017c. Ka\u017cda realizacja to indywidualne podej\u015bcie, dopracowana strategia oraz funkcjonalny, szybki i nowoczesny projekt dopasowany do potrzeb klienta.<\/p>\n<p>\t\t\t<img decoding=\"async\" src=\"https:\/\/mar.marcinkapral.pl\/wp-content\/uploads\/2025\/11\/screencapture-wymarzony-remont-pl-2025-11-09-21_10_44-scaled.png\" alt=\"\"><\/p>\n<h2>Strona dla firmy budowlanej<\/h2>\n<h2>Wymarzone Remonty<\/h2>\n<p>\t\t\t\t\t\t\t\t\t\t<a href=\"\/\"><br \/>\n\t\t\t\t<svg aria-hidden=\"true\" viewBox=\"0 0 448 512\" xmlns=\"http:\/\/www.w3.org\/2000\/svg\"><path d=\"M190.5 66.9l22.2-22.2c9.4-9.4 24.6-9.4 33.9 0L441 239c9.4 9.4 9.4 24.6 0 33.9L246.6 467.3c-9.4 9.4-24.6 9.4-33.9 0l-22.2-22.2c-9.5-9.5-9.3-25 .4-34.3L311.4 296H24c-13.3 0-24-10.7-24-24v-32c0-13.3 10.7-24 24-24h287.4L190.9 101.2c-9.8-9.3-10-24.8-.4-34.3z\"><\/path><\/svg><br \/>\n\t\t\t\t\t\t\t\t\tSprawd\u017a pe\u0142ny projekt<br \/>\n\t\t\t\t\t<\/a><br \/>\n\t\t\t<img decoding=\"async\" src=\"https:\/\/mar.marcinkapral.pl\/wp-content\/uploads\/2025\/11\/screencapture-twoje-mieszkanie-org-pl-2025-11-09-21_13_29-scaled.png\" alt=\"\"><\/p>\n<h2>Strona dla dewelopera<\/h2>\n<h2>Twoje mieszkanie<\/h2>\n<p>\t\t\t\t\t\t\t\t\t\t<a href=\"\/\"><br \/>\n\t\t\t\t<svg aria-hidden=\"true\" viewBox=\"0 0 448 512\" xmlns=\"http:\/\/www.w3.org\/2000\/svg\"><path d=\"M190.5 66.9l22.2-22.2c9.4-9.4 24.6-9.4 33.9 0L441 239c9.4 9.4 9.4 24.6 0 33.9L246.6 467.3c-9.4 9.4-24.6 9.4-33.9 0l-22.2-22.2c-9.5-9.5-9.3-25 .4-34.3L311.4 296H24c-13.3 0-24-10.7-24-24v-32c0-13.3 10.7-24 24-24h287.4L190.9 101.2c-9.8-9.3-10-24.8-.4-34.3z\"><\/path><\/svg><br \/>\n\t\t\t\t\t\t\t\t\tSprawd\u017a pe\u0142ny projekt<br \/>\n\t\t\t\t\t<\/a><br \/>\n\t\t\t<img decoding=\"async\" src=\"https:\/\/mar.marcinkapral.pl\/wp-content\/uploads\/2025\/11\/screencapture-umeblowani-pl-2025-11-09-21_14_24-scaled.png\" alt=\"\"><\/p>\n<h2>Strona dla firmy meblarskiej<\/h2>\n<h2>Umeblowani<\/h2>\n<p>\t\t\t\t\t\t\t\t\t\t<a href=\"\/\"><br \/>\n\t\t\t\t<svg aria-hidden=\"true\" viewBox=\"0 0 448 512\" xmlns=\"http:\/\/www.w3.org\/2000\/svg\"><path d=\"M190.5 66.9l22.2-22.2c9.4-9.4 24.6-9.4 33.9 0L441 239c9.4 9.4 9.4 24.6 0 33.9L246.6 467.3c-9.4 9.4-24.6 9.4-33.9 0l-22.2-22.2c-9.5-9.5-9.3-25 .4-34.3L311.4 296H24c-13.3 0-24-10.7-24-24v-32c0-13.3 10.7-24 24-24h287.4L190.9 101.2c-9.8-9.3-10-24.8-.4-34.3z\"><\/path><\/svg><br \/>\n\t\t\t\t\t\t\t\t\tSprawd\u017a pe\u0142ny projekt<br \/>\n\t\t\t\t\t<\/a><\/p>\n","protected":false},"excerpt":{"rendered":"<p>Sprawd\u017a moje realizacje ! Poznaj wybrane projekty, kt\u00f3re stworzy\u0142em dla firm i marek z r\u00f3\u017cnych bran\u017c. Ka\u017cda realizacja to indywidualne podej\u015bcie, dopracowana strategia oraz funkcjonalny, szybki i nowoczesny projekt dopasowany do potrzeb klienta. Strona dla firmy budowlanej Wymarzone Remonty Sprawd\u017a pe\u0142ny projekt Strona dla dewelopera Twoje mieszkanie Sprawd\u017a pe\u0142ny projekt Strona dla firmy meblarskiej Umeblowani [&hellip;]<\/p>\n","protected":false},"author":2,"featured_media":0,"parent":0,"menu_order":0,"comment_status":"closed","ping_status":"closed","template":"","meta":{"footnotes":""},"class_list":["post-334","page","type-page","status-publish","hentry"],"_links":{"self":[{"href":"https:\/\/mar.marcinkapral.pl\/index.php?rest_route=\/wp\/v2\/pages\/334","targetHints":{"allow":["GET"]}}],"collection":[{"href":"https:\/\/mar.marcinkapral.pl\/index.php?rest_route=\/wp\/v2\/pages"}],"about":[{"href":"https:\/\/mar.marcinkapral.pl\/index.php?rest_route=\/wp\/v2\/types\/page"}],"author":[{"embeddable":true,"href":"https:\/\/mar.marcinkapral.pl\/index.php?rest_route=\/wp\/v2\/users\/2"}],"replies":[{"embeddable":true,"href":"https:\/\/mar.marcinkapral.pl\/index.php?rest_route=%2Fwp%2Fv2%2Fcomments&post=334"}],"version-history":[{"count":0,"href":"https:\/\/mar.marcinkapral.pl\/index.php?rest_route=\/wp\/v2\/pages\/334\/revisions"}],"wp:attachment":[{"href":"https:\/\/mar.marcinkapral.pl\/index.php?rest_route=%2Fwp%2Fv2%2Fmedia&parent=334"}],"curies":[{"name":"wp","href":"https:\/\/api.w.org\/{rel}","templated":true}]}}