{"id":365,"date":"2025-11-17T19:29:59","date_gmt":"2025-11-17T18:29:59","guid":{"rendered":"https:\/\/marcinkapral.pl\/?page_id=365"},"modified":"2025-11-17T19:29:59","modified_gmt":"2025-11-17T18:29:59","slug":"sklepy-internetowe","status":"publish","type":"page","link":"https:\/\/mar.marcinkapral.pl\/?page_id=365","title":{"rendered":"Sklepy internetowe"},"content":{"rendered":"<h2>Us\u0142ugi<\/h2>\n<h2>Poznaj bli\u017cej moje us\u0142ugi !<\/h2>\n<p>\t\t\t\t\t\t\t\t\t\t\t\t\t\t\t<img loading=\"lazy\" decoding=\"async\" width=\"332\" height=\"503\" src=\"https:\/\/mar.marcinkapral.pl\/wp-content\/uploads\/2025\/11\/Projekt-bez-nazwy-8-e1763398665730.png\" alt=\"\" srcset=\"https:\/\/marcinkapral.pl\/wp-content\/uploads\/2025\/11\/Projekt-bez-nazwy-8-e1763398665730.png 332w, https:\/\/marcinkapral.pl\/wp-content\/uploads\/2025\/11\/Projekt-bez-nazwy-8-e1763398665730-198x300.png 198w\" sizes=\"auto, (max-width: 332px) 100vw, 332px\" \/>\t\t\t\t\t\t\t\t\t\t\t\t\t\t\t\t<\/p>\n<h1>Tworzenie Sklep\u00f3w Internetowych \u2014 Profesjonalnie, Skutecznie, Sprzeda\u017cowo<\/h1>\n<p data-start=\"309\" data-end=\"706\">W dzisiejszym \u015bwiecie dobrze zaprojektowany sklep internetowy to nie tylko miejsce sprzeda\u017cy \u2014 to kluczowe narz\u0119dzie budowania marki, zdobywania klient\u00f3w i skalowania biznesu. Tworz\u0119 nowoczesne, szybkie i intuicyjne sklepy online, kt\u00f3re nie tylko \u015bwietnie wygl\u0105daj\u0105, ale przede wszystkim sprzedaj\u0105.<\/p>\n<ul>\n<li>\n\t\t\t\t\t\t\t<svg aria-hidden=\"true\" viewBox=\"0 0 512 512\" xmlns=\"http:\/\/www.w3.org\/2000\/svg\"><path d=\"M256 8C119 8 8 119 8 256s111 248 248 248 248-111 248-248S393 8 256 8z\"><\/path><\/svg><br \/>\n\t\t\t\t\t\t\t\t\t\tNowoczesny, estetyczny design\n\t\t\t\t\t\t\t\t\t<\/li>\n<li>\n\t\t\t\t\t\t\t<svg aria-hidden=\"true\" viewBox=\"0 0 512 512\" xmlns=\"http:\/\/www.w3.org\/2000\/svg\"><path d=\"M256 8C119 8 8 119 8 256s111 248 248 248 248-111 248-248S393 8 256 8z\"><\/path><\/svg><br \/>\n\t\t\t\t\t\t\t\t\t\tTechnologia dopasowana do Twoich potrzeb\n\t\t\t\t\t\t\t\t\t<\/li>\n<li>\n\t\t\t\t\t\t\t<svg aria-hidden=\"true\" viewBox=\"0 0 512 512\" xmlns=\"http:\/\/www.w3.org\/2000\/svg\"><path d=\"M256 8C119 8 8 119 8 256s111 248 248 248 248-111 248-248S393 8 256 8z\"><\/path><\/svg><br \/>\n\t\t\t\t\t\t\t\t\t\tPe\u0142n\u0105 funkcjonalno\u015b\u0107 sklepu\n\t\t\t\t\t\t\t\t\t<\/li>\n<li>\n\t\t\t\t\t\t\t<svg aria-hidden=\"true\" viewBox=\"0 0 512 512\" xmlns=\"http:\/\/www.w3.org\/2000\/svg\"><path d=\"M256 8C119 8 8 119 8 256s111 248 248 248 248-111 248-248S393 8 256 8z\"><\/path><\/svg><br \/>\n\t\t\t\t\t\t\t\t\t\tOptymalizacj\u0119 pod SEO\n\t\t\t\t\t\t\t\t\t<\/li>\n<li>\n\t\t\t\t\t\t\t<svg aria-hidden=\"true\" viewBox=\"0 0 512 512\" xmlns=\"http:\/\/www.w3.org\/2000\/svg\"><path d=\"M256 8C119 8 8 119 8 256s111 248 248 248 248-111 248-248S393 8 256 8z\"><\/path><\/svg><br \/>\n\t\t\t\t\t\t\t\t\t\tResponsywno\u015b\u0107 z urz\u0105dzeniami mobilnymi\n\t\t\t\t\t\t\t\t\t<\/li>\n<li>\n\t\t\t\t\t\t\t<svg aria-hidden=\"true\" viewBox=\"0 0 512 512\" xmlns=\"http:\/\/www.w3.org\/2000\/svg\"><path d=\"M256 8C119 8 8 119 8 256s111 248 248 248 248-111 248-248S393 8 256 8z\"><\/path><\/svg><br \/>\n\t\t\t\t\t\t\t\t\t\tTestowanie i Publikacja\n\t\t\t\t\t\t\t\t\t<\/li>\n<li>\n\t\t\t\t\t\t\t<svg aria-hidden=\"true\" viewBox=\"0 0 512 512\" xmlns=\"http:\/\/www.w3.org\/2000\/svg\"><path d=\"M256 8C119 8 8 119 8 256s111 248 248 248 248-111 248-248S393 8 256 8z\"><\/path><\/svg><br \/>\n\t\t\t\t\t\t\t\t\t\tSzkolenie i wsparcie\n\t\t\t\t\t\t\t\t\t<\/li>\n<\/ul>\n<p>\t\t\t\t\t\t\t\t\t\t\t\t<a href=\"https:\/\/mar.marcinkapral.pl\/?page_id=310\"><br \/>\n\t\t\t\t\t\t\t\t\tSkonsultuj projekt<br \/>\n\t\t\t\t\t<\/a><\/p>\n","protected":false},"excerpt":{"rendered":"<p>Us\u0142ugi Poznaj bli\u017cej moje us\u0142ugi ! Tworzenie Sklep\u00f3w Internetowych \u2014 Profesjonalnie, Skutecznie, Sprzeda\u017cowo W dzisiejszym \u015bwiecie dobrze zaprojektowany sklep internetowy to nie tylko miejsce sprzeda\u017cy \u2014 to kluczowe narz\u0119dzie budowania marki, zdobywania klient\u00f3w i skalowania biznesu. Tworz\u0119 nowoczesne, szybkie i intuicyjne sklepy online, kt\u00f3re nie tylko \u015bwietnie wygl\u0105daj\u0105, ale przede wszystkim sprzedaj\u0105. Nowoczesny, estetyczny design [&hellip;]<\/p>\n","protected":false},"author":2,"featured_media":0,"parent":0,"menu_order":0,"comment_status":"closed","ping_status":"closed","template":"","meta":{"footnotes":""},"class_list":["post-365","page","type-page","status-publish","hentry"],"_links":{"self":[{"href":"https:\/\/mar.marcinkapral.pl\/index.php?rest_route=\/wp\/v2\/pages\/365","targetHints":{"allow":["GET"]}}],"collection":[{"href":"https:\/\/mar.marcinkapral.pl\/index.php?rest_route=\/wp\/v2\/pages"}],"about":[{"href":"https:\/\/mar.marcinkapral.pl\/index.php?rest_route=\/wp\/v2\/types\/page"}],"author":[{"embeddable":true,"href":"https:\/\/mar.marcinkapral.pl\/index.php?rest_route=\/wp\/v2\/users\/2"}],"replies":[{"embeddable":true,"href":"https:\/\/mar.marcinkapral.pl\/index.php?rest_route=%2Fwp%2Fv2%2Fcomments&post=365"}],"version-history":[{"count":0,"href":"https:\/\/mar.marcinkapral.pl\/index.php?rest_route=\/wp\/v2\/pages\/365\/revisions"}],"wp:attachment":[{"href":"https:\/\/mar.marcinkapral.pl\/index.php?rest_route=%2Fwp%2Fv2%2Fmedia&parent=365"}],"curies":[{"name":"wp","href":"https:\/\/api.w.org\/{rel}","templated":true}]}}