{"id":372,"date":"2025-11-17T19:31:39","date_gmt":"2025-11-17T18:31:39","guid":{"rendered":"https:\/\/marcinkapral.pl\/?page_id=372"},"modified":"2025-11-17T19:31:39","modified_gmt":"2025-11-17T18:31:39","slug":"audyt-i-naprawa-strony","status":"publish","type":"page","link":"https:\/\/mar.marcinkapral.pl\/?page_id=372","title":{"rendered":"Audyt i naprawa strony"},"content":{"rendered":"<h2>Us\u0142ugi<\/h2>\n<h2>Poznaj bli\u017cej moje us\u0142ugi !<\/h2>\n<h1>Audyt i Naprawa Istniej\u0105cej Strony \u2014 Ulepsz Swoj\u0105 Witryn\u0119, Zwi\u0119ksz Sprzeda\u017c i Wydajno\u015b\u0107<\/h1>\n<p data-start=\"309\" data-end=\"706\">Twoja strona dzia\u0142a, ale nie dzia\u0142a tak, jak powinna? Jest wolna, nieintuicyjna, nie generuje sprzeda\u017cy albo klienci zg\u0142aszaj\u0105 problemy?<br data-start=\"385\" data-end=\"388\" \/>W ramach kompleksowego audytu analizuj\u0119 stron\u0119 pod k\u0105tem wydajno\u015bci, u\u017cyteczno\u015bci, technikali\u00f3w oraz skuteczno\u015bci biznesowej \u2014 a nast\u0119pnie wprowadzam optymalizacje, kt\u00f3re realnie poprawiaj\u0105 jej dzia\u0142anie.<\/p>\n<ul>\n<li>\n\t\t\t\t\t\t\t<svg aria-hidden=\"true\" viewBox=\"0 0 512 512\" xmlns=\"http:\/\/www.w3.org\/2000\/svg\"><path d=\"M256 8C119 8 8 119 8 256s111 248 248 248 248-111 248-248S393 8 256 8z\"><\/path><\/svg><br \/>\n\t\t\t\t\t\t\t\t\t\tAudyt UX \u2014 do\u015bwiadczenie u\u017cytkownika\n\t\t\t\t\t\t\t\t\t<\/li>\n<li>\n\t\t\t\t\t\t\t<svg aria-hidden=\"true\" viewBox=\"0 0 512 512\" xmlns=\"http:\/\/www.w3.org\/2000\/svg\"><path d=\"M256 8C119 8 8 119 8 256s111 248 248 248 248-111 248-248S393 8 256 8z\"><\/path><\/svg><br \/>\n\t\t\t\t\t\t\t\t\t\tAudyt techniczny\n\t\t\t\t\t\t\t\t\t<\/li>\n<li>\n\t\t\t\t\t\t\t<svg aria-hidden=\"true\" viewBox=\"0 0 512 512\" xmlns=\"http:\/\/www.w3.org\/2000\/svg\"><path d=\"M256 8C119 8 8 119 8 256s111 248 248 248 248-111 248-248S393 8 256 8z\"><\/path><\/svg><br \/>\n\t\t\t\t\t\t\t\t\t\tAudyt SEO\n\t\t\t\t\t\t\t\t\t<\/li>\n<li>\n\t\t\t\t\t\t\t<svg aria-hidden=\"true\" viewBox=\"0 0 512 512\" xmlns=\"http:\/\/www.w3.org\/2000\/svg\"><path d=\"M256 8C119 8 8 119 8 256s111 248 248 248 248-111 248-248S393 8 256 8z\"><\/path><\/svg><br \/>\n\t\t\t\t\t\t\t\t\t\tAudyt bezpiecze\u0144stwa\n\t\t\t\t\t\t\t\t\t<\/li>\n<li>\n\t\t\t\t\t\t\t<svg aria-hidden=\"true\" viewBox=\"0 0 512 512\" xmlns=\"http:\/\/www.w3.org\/2000\/svg\"><path d=\"M256 8C119 8 8 119 8 256s111 248 248 248 248-111 248-248S393 8 256 8z\"><\/path><\/svg><br \/>\n\t\t\t\t\t\t\t\t\t\tNaprawa strony \u2014 szybka i skuteczna\n\t\t\t\t\t\t\t\t\t<\/li>\n<li>\n\t\t\t\t\t\t\t<svg aria-hidden=\"true\" viewBox=\"0 0 512 512\" xmlns=\"http:\/\/www.w3.org\/2000\/svg\"><path d=\"M256 8C119 8 8 119 8 256s111 248 248 248 248-111 248-248S393 8 256 8z\"><\/path><\/svg><br \/>\n\t\t\t\t\t\t\t\t\t\tTestowanie i Publikacja\n\t\t\t\t\t\t\t\t\t<\/li>\n<li>\n\t\t\t\t\t\t\t<svg aria-hidden=\"true\" viewBox=\"0 0 512 512\" xmlns=\"http:\/\/www.w3.org\/2000\/svg\"><path d=\"M256 8C119 8 8 119 8 256s111 248 248 248 248-111 248-248S393 8 256 8z\"><\/path><\/svg><br \/>\n\t\t\t\t\t\t\t\t\t\tSzkolenie i wsparcie\n\t\t\t\t\t\t\t\t\t<\/li>\n<\/ul>\n<p>\t\t\t\t\t\t\t\t\t\t\t\t<a href=\"https:\/\/mar.marcinkapral.pl\/?page_id=310\"><br \/>\n\t\t\t\t\t\t\t\t\tSkonsultuj projekt<br \/>\n\t\t\t\t\t<\/a><br \/>\n\t\t\t\t\t\t\t\t\t\t\t\t\t\t\t\t\t\t\t<img loading=\"lazy\" decoding=\"async\" width=\"512\" height=\"768\" src=\"https:\/\/mar.marcinkapral.pl\/wp-content\/uploads\/2025\/11\/Projekt-bez-nazwy-9.png\" alt=\"\" srcset=\"https:\/\/marcinkapral.pl\/wp-content\/uploads\/2025\/11\/Projekt-bez-nazwy-9.png 512w, https:\/\/marcinkapral.pl\/wp-content\/uploads\/2025\/11\/Projekt-bez-nazwy-9-200x300.png 200w\" sizes=\"auto, (max-width: 512px) 100vw, 512px\" \/><\/p>\n","protected":false},"excerpt":{"rendered":"<p>Us\u0142ugi Poznaj bli\u017cej moje us\u0142ugi ! Audyt i Naprawa Istniej\u0105cej Strony \u2014 Ulepsz Swoj\u0105 Witryn\u0119, Zwi\u0119ksz Sprzeda\u017c i Wydajno\u015b\u0107 Twoja strona dzia\u0142a, ale nie dzia\u0142a tak, jak powinna? Jest wolna, nieintuicyjna, nie generuje sprzeda\u017cy albo klienci zg\u0142aszaj\u0105 problemy?W ramach kompleksowego audytu analizuj\u0119 stron\u0119 pod k\u0105tem wydajno\u015bci, u\u017cyteczno\u015bci, technikali\u00f3w oraz skuteczno\u015bci biznesowej \u2014 a nast\u0119pnie wprowadzam [&hellip;]<\/p>\n","protected":false},"author":2,"featured_media":0,"parent":0,"menu_order":0,"comment_status":"closed","ping_status":"closed","template":"","meta":{"footnotes":""},"class_list":["post-372","page","type-page","status-publish","hentry"],"_links":{"self":[{"href":"https:\/\/mar.marcinkapral.pl\/index.php?rest_route=\/wp\/v2\/pages\/372","targetHints":{"allow":["GET"]}}],"collection":[{"href":"https:\/\/mar.marcinkapral.pl\/index.php?rest_route=\/wp\/v2\/pages"}],"about":[{"href":"https:\/\/mar.marcinkapral.pl\/index.php?rest_route=\/wp\/v2\/types\/page"}],"author":[{"embeddable":true,"href":"https:\/\/mar.marcinkapral.pl\/index.php?rest_route=\/wp\/v2\/users\/2"}],"replies":[{"embeddable":true,"href":"https:\/\/mar.marcinkapral.pl\/index.php?rest_route=%2Fwp%2Fv2%2Fcomments&post=372"}],"version-history":[{"count":0,"href":"https:\/\/mar.marcinkapral.pl\/index.php?rest_route=\/wp\/v2\/pages\/372\/revisions"}],"wp:attachment":[{"href":"https:\/\/mar.marcinkapral.pl\/index.php?rest_route=%2Fwp%2Fv2%2Fmedia&parent=372"}],"curies":[{"name":"wp","href":"https:\/\/api.w.org\/{rel}","templated":true}]}}