{"id":43,"date":"2025-11-06T17:20:37","date_gmt":"2025-11-06T16:20:37","guid":{"rendered":"https:\/\/marcinkapral.pl\/?page_id=43"},"modified":"2025-11-06T17:20:37","modified_gmt":"2025-11-06T16:20:37","slug":"strona-glowna","status":"publish","type":"page","link":"https:\/\/mar.marcinkapral.pl\/?page_id=43","title":{"rendered":"Strona g\u0142\u00f3wna"},"content":{"rendered":"<h1>Marcin Kapral<\/h1>\n<h2>Twoja marka zas\u0142uguje na stron\u0119, obok kt\u00f3rej nie da si\u0119 przej\u015b\u0107 oboj\u0119tnie !<\/h2>\n<p>Cze\u015b\u0107! Nazywam si\u0119 Marcin Kapral\u00a0i pomagam firmom, markom osobistym oraz organizacjom zaistnie\u0107 w sieci. Projektuj\u0119 nowoczesne, szybkie i dopasowane do potrzeb strony internetowe \u2014 od prostych wizyt\u00f3wek po rozbudowane serwisy i sklepy online.<\/p>\n<p>\t\t\t\t\t\t\t\t<a href=\"\/\"><br \/>\n\t\t\t\t\t\t\t\t\tSkonsultuj projekt<br \/>\n\t\t\t\t\t<\/a><\/p>\n<p>lub<\/p>\n<p>\t\t\t\t\t\t\t\t<a href=\"\/\"><br \/>\n\t\t\t\t<svg aria-hidden=\"true\" viewBox=\"0 0 448 512\" xmlns=\"http:\/\/www.w3.org\/2000\/svg\"><path d=\"M190.5 66.9l22.2-22.2c9.4-9.4 24.6-9.4 33.9 0L441 239c9.4 9.4 9.4 24.6 0 33.9L246.6 467.3c-9.4 9.4-24.6 9.4-33.9 0l-22.2-22.2c-9.5-9.5-9.3-25 .4-34.3L311.4 296H24c-13.3 0-24-10.7-24-24v-32c0-13.3 10.7-24 24-24h287.4L190.9 101.2c-9.8-9.3-10-24.8-.4-34.3z\"><\/path><\/svg><br \/>\n\t\t\t\t\t\t\t\t\tSprawd\u017a pe\u0142ny projekt<br \/>\n\t\t\t\t\t<\/a><br \/>\n\t\t\t\t\t\t\t\t\t\t\t\t\t\t\t\t\t\t\t<img decoding=\"async\" src=\"https:\/\/mar.marcinkapral.pl\/wp-content\/uploads\/elementor\/thumbs\/Marcin-1-rhqa0gknqrsvebzvg0j6k47v788w8zqi48ikkiaaqo.png\" title=\"Marcin 1\" alt=\"Marcin 1\" loading=\"lazy\" \/>\t\t\t\t\t\t\t\t\t\t\t\t\t\t\t\t<\/p>\n<h2>Moje us\u0142ugi<\/h2>\n<h2>Co mog\u0119 dla Ciebie zrobic?<\/h2>\n<h1>Strony internetowe<\/h1>\n<p data-start=\"309\" data-end=\"706\">Tworz\u0119 nowoczesne, responsywne strony internetowe dopasowane do Twoich potrzeb i cel\u00f3w biznesowych. Ka\u017cda strona jest projektowana indywidualnie \u2013 z dba\u0142o\u015bci\u0105 o estetyk\u0119, szybko\u015b\u0107 dzia\u0142ania i wygod\u0119 u\u017cytkownika.<br data-start=\"520\" data-end=\"523\" \/>Niezale\u017cnie od tego, czy potrzebujesz prostej strony wizyt\u00f3wki, portfolio, czy rozbudowanego serwisu firmowego \u2013 otrzymasz rozwi\u0105zanie, kt\u00f3re pomo\u017ce Ci skutecznie zaistnie\u0107 w sieci.<\/p>\n<p>.<\/p>\n<h1>Sklepy internetowe<\/h1>\n<p data-start=\"309\" data-end=\"706\">Projektuj\u0119 i wdra\u017cam sklepy internetowe, kt\u00f3re sprzedaj\u0105.<br data-start=\"808\" data-end=\"811\" \/>Od przemy\u015blanej architektury produkt\u00f3w, przez intuicyjny koszyk, a\u017c po bezpieczne p\u0142atno\u015bci i optymalizacj\u0119 konwersji \u2013 dbam o ka\u017cdy etap procesu zakupowego.<br data-start=\"968\" data-end=\"971\" \/>Oferuj\u0119 sklepy oparte na sprawdzonych systemach (np. WooCommerce, Shopify lub dedykowanych rozwi\u0105zaniach), kt\u00f3re \u0142atwo obs\u0142u\u017cysz samodzielnie.<\/p>\n<h1>UX\/UI Design<\/h1>\n<p data-start=\"309\" data-end=\"706\">Dobrze zaprojektowana strona to nie tylko \u0142adny wygl\u0105d, ale przede wszystkim \u015bwietne do\u015bwiadczenie u\u017cytkownika.<br data-start=\"1259\" data-end=\"1262\" \/>Tworz\u0119 przejrzyste interfejsy i przemy\u015blane \u015bcie\u017cki nawigacji, kt\u00f3re sprawiaj\u0105, \u017ce odwiedzaj\u0105cy z \u0142atwo\u015bci\u0105 znajduj\u0105 to, czego szukaj\u0105 \u2014 i ch\u0119tnie wracaj\u0105.<\/p>\n<h1>Audyt oraz naprawa istniej\u0105cej strony<\/h1>\n<p data-start=\"309\" data-end=\"706\">Masz ju\u017c stron\u0119, ale nie przynosi oczekiwanych rezultat\u00f3w? Oferuje kompleksowy audyt Twojej obecnej witryny, identyfikuj\u0105c problemy techniczne,\u00a0 SEO\u00a0i UX\/UI. Nast\u0119pnie wdra\u017camy konkretne poprawki, optymalizuj\u0105c stron\u0119 pod k\u0105tem szybko\u015bci, widoczno\u015bci w wyszukiwarkach i konwersji, aby zmaksymalizowa\u0107 jej potencja\u0142.<\/p>\n<h2>Jak b\u0119dzie wygl\u0105da\u0107 nasza wsp\u00f3\u0142praca?<\/h2>\n<h2>01<\/h2>\n<h1>Bezp\u0142atna konsultacja<\/h1>\n<p>Rozpoczynamy od rozmowy, aby zrozumie\u0107 Twoje cele biznesowe, grup\u0119 docelow\u0105, produkty i us\u0142ugi.<\/p>\n<h2>02<\/h2>\n<h1>Projektowanie i Planowanie<\/h1>\n<p>Prezentujemy wizualizacje wygl\u0105du sklepu, dopasowane do Twojej marki.<br \/>Ustalenie struktury strony lub sklepu, kategorii produkt\u00f3w, stron informacyjnych i innych element\u00f3w<\/p>\n<h2>03<\/h2>\n<h1>Budowa strony<\/h1>\n<p>Zgodnie z projektem i wcze\u015bniejszymi ustaleniami budujemy stron\u0119. Optymalizujemy stron\u0119 pod k\u0105tek szybko\u015bci i SEO.<\/p>\n<h2>04<\/h2>\n<h1>Testowanie<\/h1>\n<p>Sprawdzamy dzia\u0142anie wszystkich funkcji strony, takich jak formularze, linki i multimedia.<\/p>\n<h2>05<\/h2>\n<h1>Uruchomienie i Szkolenie<\/h1>\n<p>Przenosimy stron\u0119 na Tw\u00f3j serwer lub konfigurujemy j\u0105 na wybranej platformie. Robimy szkolenie z zakresu obs\u0142ugi strony, zarz\u0105dzania tre\u015bciami i aktualizacji.<\/p>\n<h2>Sprawd\u017a moje realizacje !<\/h2>\n<p>Oto kilka stron moich klient\u00f3w, kt\u00f3re przynosz\u0105 ju\u017c za\u0142o\u017cone efekty ! Sprawd\u017a aby mie\u0107 pewno\u015b\u0107 \u017ce b\u0119dziesz wsp\u00f3\u0142pracowa\u0107 z odpowiedni\u0105 osob\u0105 !<\/p>\n<p>\t\t\t<img decoding=\"async\" src=\"https:\/\/mar.marcinkapral.pl\/wp-content\/uploads\/2025\/11\/screencapture-wymarzony-remont-pl-2025-11-09-21_10_44-scaled.png\" alt=\"\"><\/p>\n<h2>Strona dla firmy budowlanej<\/h2>\n<h2>Wymarzone Remonty<\/h2>\n<p>\t\t\t\t\t\t\t\t\t\t<a href=\"https:\/\/wymarzony-remont.pl\/\"><br \/>\n\t\t\t\t<svg aria-hidden=\"true\" viewBox=\"0 0 448 512\" xmlns=\"http:\/\/www.w3.org\/2000\/svg\"><path d=\"M190.5 66.9l22.2-22.2c9.4-9.4 24.6-9.4 33.9 0L441 239c9.4 9.4 9.4 24.6 0 33.9L246.6 467.3c-9.4 9.4-24.6 9.4-33.9 0l-22.2-22.2c-9.5-9.5-9.3-25 .4-34.3L311.4 296H24c-13.3 0-24-10.7-24-24v-32c0-13.3 10.7-24 24-24h287.4L190.9 101.2c-9.8-9.3-10-24.8-.4-34.3z\"><\/path><\/svg><br \/>\n\t\t\t\t\t\t\t\t\tSprawd\u017a pe\u0142ny projekt<br \/>\n\t\t\t\t\t<\/a><br \/>\n\t\t\t<img decoding=\"async\" src=\"https:\/\/mar.marcinkapral.pl\/wp-content\/uploads\/2025\/11\/screencapture-twoje-mieszkanie-org-pl-2025-11-09-21_13_29-scaled.png\" alt=\"\"><\/p>\n<h2>Strona dla dewelopera<\/h2>\n<h2>Twoje mieszkanie<\/h2>\n<p>\t\t\t\t\t\t\t\t\t\t<a href=\"https:\/\/twoje-mieszkanie.org.pl\/\"><br \/>\n\t\t\t\t<svg aria-hidden=\"true\" viewBox=\"0 0 448 512\" xmlns=\"http:\/\/www.w3.org\/2000\/svg\"><path d=\"M190.5 66.9l22.2-22.2c9.4-9.4 24.6-9.4 33.9 0L441 239c9.4 9.4 9.4 24.6 0 33.9L246.6 467.3c-9.4 9.4-24.6 9.4-33.9 0l-22.2-22.2c-9.5-9.5-9.3-25 .4-34.3L311.4 296H24c-13.3 0-24-10.7-24-24v-32c0-13.3 10.7-24 24-24h287.4L190.9 101.2c-9.8-9.3-10-24.8-.4-34.3z\"><\/path><\/svg><br \/>\n\t\t\t\t\t\t\t\t\tSprawd\u017a pe\u0142ny projekt<br \/>\n\t\t\t\t\t<\/a><br \/>\n\t\t\t<img decoding=\"async\" src=\"https:\/\/mar.marcinkapral.pl\/wp-content\/uploads\/2025\/11\/screencapture-umeblowani-pl-2025-11-09-21_14_24-scaled.png\" alt=\"\"><\/p>\n<h2>Strona dla firmy meblarskiej<\/h2>\n<h2>Umeblowani<\/h2>\n<p>\t\t\t\t\t\t\t\t\t\t<a href=\"https:\/\/umeblowani.com.pl\/\"><br \/>\n\t\t\t\t<svg aria-hidden=\"true\" viewBox=\"0 0 448 512\" xmlns=\"http:\/\/www.w3.org\/2000\/svg\"><path d=\"M190.5 66.9l22.2-22.2c9.4-9.4 24.6-9.4 33.9 0L441 239c9.4 9.4 9.4 24.6 0 33.9L246.6 467.3c-9.4 9.4-24.6 9.4-33.9 0l-22.2-22.2c-9.5-9.5-9.3-25 .4-34.3L311.4 296H24c-13.3 0-24-10.7-24-24v-32c0-13.3 10.7-24 24-24h287.4L190.9 101.2c-9.8-9.3-10-24.8-.4-34.3z\"><\/path><\/svg><br \/>\n\t\t\t\t\t\t\t\t\tSprawd\u017a pe\u0142ny projekt<br \/>\n\t\t\t\t\t<\/a><\/p>\n<h2>Co zyskujesz wsp\u00f3\u0142pracuj\u0105c ze mn\u0105 ?<\/h2>\n<p>\t\t\t\t<svg aria-hidden=\"true\" viewBox=\"0 0 512 512\" xmlns=\"http:\/\/www.w3.org\/2000\/svg\"><path d=\"M256 8C119.033 8 8 119.033 8 256s111.033 248 248 248 248-111.033 248-248S392.967 8 256 8zm0 48c110.532 0 200 89.451 200 200 0 110.532-89.451 200-200 200-110.532 0-200-89.451-200-200 0-110.532 89.451-200 200-200m140.204 130.267l-22.536-22.718c-4.667-4.705-12.265-4.736-16.97-.068L215.346 303.697l-59.792-60.277c-4.667-4.705-12.265-4.736-16.97-.069l-22.719 22.536c-4.705 4.667-4.736 12.265-.068 16.971l90.781 91.516c4.667 4.705 12.265 4.736 16.97.068l172.589-171.204c4.704-4.668 4.734-12.266.067-16.971z\"><\/path><\/svg>\t\t\t\t<\/p>\n<h3>\n\t\t\t\t\t\t\tStron\u0119, kt\u00f3ra naprawd\u0119 dzia\u0142a<br \/>\n\t\t\t\t\t<\/h3>\n<p>\n\t\t\t\t\t\tNie tworz\u0119 tylko \u0142adnych projekt\u00f3w \u2014 tworz\u0119 strony, kt\u00f3re realizuj\u0105 konkretne cele: przyci\u0105gaj\u0105 uwag\u0119, generuj\u0105 zapytania i wspieraj\u0105 sprzeda\u017c.\t\t\t\t\t<\/p>\n<p>\t\t\t\t<svg aria-hidden=\"true\" viewBox=\"0 0 512 512\" xmlns=\"http:\/\/www.w3.org\/2000\/svg\"><path d=\"M256 8C119.033 8 8 119.033 8 256s111.033 248 248 248 248-111.033 248-248S392.967 8 256 8zm0 48c110.532 0 200 89.451 200 200 0 110.532-89.451 200-200 200-110.532 0-200-89.451-200-200 0-110.532 89.451-200 200-200m140.204 130.267l-22.536-22.718c-4.667-4.705-12.265-4.736-16.97-.068L215.346 303.697l-59.792-60.277c-4.667-4.705-12.265-4.736-16.97-.069l-22.719 22.536c-4.705 4.667-4.736 12.265-.068 16.971l90.781 91.516c4.667 4.705 12.265 4.736 16.97.068l172.589-171.204c4.704-4.668 4.734-12.266.067-16.971z\"><\/path><\/svg>\t\t\t\t<\/p>\n<h3>\n\t\t\t\t\t\t\tIndywidualne podej\u015bcie<br \/>\n\t\t\t\t\t<\/h3>\n<p>\n\t\t\t\t\t\tNie ma dw\u00f3ch takich samych projekt\u00f3w \u2014 i dlatego nie pracuj\u0119 szablonowo. Zanim zaczniemy, poznaj\u0119 Tw\u00f3j biznes, grup\u0119 docelow\u0105 i styl komunikacji.\t\t\t\t\t<\/p>\n<p>\t\t\t\t<svg aria-hidden=\"true\" viewBox=\"0 0 512 512\" xmlns=\"http:\/\/www.w3.org\/2000\/svg\"><path d=\"M256 8C119.033 8 8 119.033 8 256s111.033 248 248 248 248-111.033 248-248S392.967 8 256 8zm0 48c110.532 0 200 89.451 200 200 0 110.532-89.451 200-200 200-110.532 0-200-89.451-200-200 0-110.532 89.451-200 200-200m140.204 130.267l-22.536-22.718c-4.667-4.705-12.265-4.736-16.97-.068L215.346 303.697l-59.792-60.277c-4.667-4.705-12.265-4.736-16.97-.069l-22.719 22.536c-4.705 4.667-4.736 12.265-.068 16.971l90.781 91.516c4.667 4.705 12.265 4.736 16.97.068l172.589-171.204c4.704-4.668 4.734-12.266.067-16.971z\"><\/path><\/svg>\t\t\t\t<\/p>\n<h3>\n\t\t\t\t\t\t\tNowoczesny design i sprawdzone rozwi\u0105zania<br \/>\n\t\t\t\t\t<\/h3>\n<p>\n\t\t\t\t\t\tStawiam na estetyk\u0119, prostot\u0119 i funkcjonalno\u015b\u0107. Twoja strona b\u0119dzie wygl\u0105da\u0107 nowocze\u015bnie, ale nie przyt\u0142aczaj\u0105co \u2014 z intuicyjn\u0105 nawigacj\u0105, przemy\u015blan\u0105 struktur\u0105 i dopasowaniem do urz\u0105dze\u0144 mobilnych.\t\t\t\t\t<\/p>\n<p>\t\t\t\t<svg aria-hidden=\"true\" viewBox=\"0 0 512 512\" xmlns=\"http:\/\/www.w3.org\/2000\/svg\"><path d=\"M256 8C119.033 8 8 119.033 8 256s111.033 248 248 248 248-111.033 248-248S392.967 8 256 8zm0 48c110.532 0 200 89.451 200 200 0 110.532-89.451 200-200 200-110.532 0-200-89.451-200-200 0-110.532 89.451-200 200-200m140.204 130.267l-22.536-22.718c-4.667-4.705-12.265-4.736-16.97-.068L215.346 303.697l-59.792-60.277c-4.667-4.705-12.265-4.736-16.97-.069l-22.719 22.536c-4.705 4.667-4.736 12.265-.068 16.971l90.781 91.516c4.667 4.705 12.265 4.736 16.97.068l172.589-171.204c4.704-4.668 4.734-12.266.067-16.971z\"><\/path><\/svg>\t\t\t\t<\/p>\n<h3>\n\t\t\t\t\t\t\tOptymalizacj\u0119 pod SEO i szybko\u015b\u0107 dzia\u0142ania<br \/>\n\t\t\t\t\t<\/h3>\n<p>\n\t\t\t\t\t\tDobrze zaprojektowana strona to nie wszystko \u2014 musi te\u017c by\u0107 widoczna w Google i \u0142adowa\u0107 si\u0119 b\u0142yskawicznie.\t\t\t\t\t<\/p>\n<p>\t\t\t\t<svg aria-hidden=\"true\" viewBox=\"0 0 512 512\" xmlns=\"http:\/\/www.w3.org\/2000\/svg\"><path d=\"M256 8C119.033 8 8 119.033 8 256s111.033 248 248 248 248-111.033 248-248S392.967 8 256 8zm0 48c110.532 0 200 89.451 200 200 0 110.532-89.451 200-200 200-110.532 0-200-89.451-200-200 0-110.532 89.451-200 200-200m140.204 130.267l-22.536-22.718c-4.667-4.705-12.265-4.736-16.97-.068L215.346 303.697l-59.792-60.277c-4.667-4.705-12.265-4.736-16.97-.069l-22.719 22.536c-4.705 4.667-4.736 12.265-.068 16.971l90.781 91.516c4.667 4.705 12.265 4.736 16.97.068l172.589-171.204c4.704-4.668 4.734-12.266.067-16.971z\"><\/path><\/svg>\t\t\t\t<\/p>\n<h3>\n\t\t\t\t\t\t\tWsparcie oraz instruktarz wdro\u017ceniowy<br \/>\n\t\t\t\t\t<\/h3>\n<p>\n\t\t\t\t\t\tZapewniam pe\u0142ne wsparcie techniczne oraz instrukta\u017c wdro\u017ceniowy.<br \/>\nOtrzymasz ode mnie jasne wskaz\u00f3wki, jak samodzielnie zarz\u0105dza\u0107 swoj\u0105 stron\u0105: dodawa\u0107 tre\u015bci, aktualizowa\u0107 zdj\u0119cia czy publikowa\u0107 nowe wpisy.\t\t\t\t\t<\/p>\n<p>\t\t\t\t<svg aria-hidden=\"true\" viewBox=\"0 0 512 512\" xmlns=\"http:\/\/www.w3.org\/2000\/svg\"><path d=\"M256 8C119.033 8 8 119.033 8 256s111.033 248 248 248 248-111.033 248-248S392.967 8 256 8zm0 48c110.532 0 200 89.451 200 200 0 110.532-89.451 200-200 200-110.532 0-200-89.451-200-200 0-110.532 89.451-200 200-200m140.204 130.267l-22.536-22.718c-4.667-4.705-12.265-4.736-16.97-.068L215.346 303.697l-59.792-60.277c-4.667-4.705-12.265-4.736-16.97-.069l-22.719 22.536c-4.705 4.667-4.736 12.265-.068 16.971l90.781 91.516c4.667 4.705 12.265 4.736 16.97.068l172.589-171.204c4.704-4.668 4.734-12.266.067-16.971z\"><\/path><\/svg>\t\t\t\t<\/p>\n<h3>\n\t\t\t\t\t\t\tSpok\u00f3j i przejrzysto\u015b\u0107 wsp\u00f3\u0142pracy<br \/>\n\t\t\t\t\t<\/h3>\n<p>\n\t\t\t\t\t\tCeni\u0119 jasn\u0105 komunikacj\u0119 i terminowo\u015b\u0107. Na ka\u017cdym kroku wiesz, na jakim etapie jest projekt i czego mo\u017cesz si\u0119 spodziewa\u0107 dalej.\t\t\t\t\t<\/p>\n<h2>KONTAKT<\/h2>\n<h2>Skontaktuj si\u0119 ze mn\u0105 i stw\u00f3rzmy co\u015b wyj\u0105tkowego!<\/h2>\n<p>Masz pomys\u0142, kt\u00f3ry zas\u0142uguje na \u015bwietn\u0105 stron\u0119 internetow\u0105?\u00a0<br data-start=\"239\" data-end=\"242\" \/>Opowiedz mi o nim \u2014 razem zamienimy go w co\u015b, co naprawd\u0119 dzia\u0142a i wygl\u0105da \u015bwietnie.<br data-start=\"326\" data-end=\"329\" \/>Wype\u0142nij formularz i daj zna\u0107, co chcesz stworzy\u0107.<\/p>\n<ul>\n<li>\n\t\t\t\t\t\t\t\t\t\t\t<a href=\"tel:%20%20698%20386%20587\"><br \/>\n\t\t\t\t\t\t\t<svg aria-hidden=\"true\" viewBox=\"0 0 512 512\" xmlns=\"http:\/\/www.w3.org\/2000\/svg\"><path d=\"M497.39 361.8l-112-48a24 24 0 0 0-28 6.9l-49.6 60.6A370.66 370.66 0 0 1 130.6 204.11l60.6-49.6a23.94 23.94 0 0 0 6.9-28l-48-112A24.16 24.16 0 0 0 122.6.61l-104 24A24 24 0 0 0 0 48c0 256.5 207.9 464 464 464a24 24 0 0 0 23.4-18.6l24-104a24.29 24.29 0 0 0-14.01-27.6z\"><\/path><\/svg><br \/>\n\t\t\t\t\t\t\t\t\t\t 698 386 587<br \/>\n\t\t\t\t\t\t\t\t\t\t\t<\/a>\n\t\t\t\t\t\t\t\t\t<\/li>\n<li>\n\t\t\t\t\t\t\t\t\t\t\t<a href=\"mailto:%20kontakt@marcinkapral.pl\"><br \/>\n\t\t\t\t\t\t\t<svg aria-hidden=\"true\" viewBox=\"0 0 512 512\" xmlns=\"http:\/\/www.w3.org\/2000\/svg\"><path d=\"M502.3 190.8c3.9-3.1 9.7-.2 9.7 4.7V400c0 26.5-21.5 48-48 48H48c-26.5 0-48-21.5-48-48V195.6c0-5 5.7-7.8 9.7-4.7 22.4 17.4 52.1 39.5 154.1 113.6 21.1 15.4 56.7 47.8 92.2 47.6 35.7.3 72-32.8 92.3-47.6 102-74.1 131.6-96.3 154-113.7zM256 320c23.2.4 56.6-29.2 73.4-41.4 132.7-96.3 142.8-104.7 173.4-128.7 5.8-4.5 9.2-11.5 9.2-18.9v-19c0-26.5-21.5-48-48-48H48C21.5 64 0 85.5 0 112v19c0 7.4 3.4 14.3 9.2 18.9 30.6 23.9 40.7 32.4 173.4 128.7 16.8 12.2 50.2 41.8 73.4 41.4z\"><\/path><\/svg><br \/>\n\t\t\t\t\t\t\t\t\t\tkontakt@marcinkapral.pl<br \/>\n\t\t\t\t\t\t\t\t\t\t\t<\/a>\n\t\t\t\t\t\t\t\t\t<\/li>\n<\/ul>\n<form id=\"wpforms-form-151\" data-formid=\"151\" method=\"post\" enctype=\"multipart\/form-data\" action=\"\/wp-admin\/admin-ajax.php\" data-token=\"6a0a96712c41abde29119020d48e15b1\" data-token-time=\"1772647937\"><noscript>Aby wype\u0142ni\u0107 ten formularz, w\u0142\u0105cz obs\u0142ug\u0119 JavaScript w przegl\u0105darce.<\/noscript>Aby wype\u0142ni\u0107 ten formularz, w\u0142\u0105cz obs\u0142ug\u0119 JavaScript w przegl\u0105darce.<label for=\"wpforms-151-field_6\" aria-hidden=\"false\">Imi\u0119 i nazwisko *<\/label><input type=\"text\" id=\"wpforms-151-field_6\" name=\"wpforms[fields][6]\" placeholder=\"Imi\u0119 i nazwisko\" aria-errormessage=\"wpforms-151-field_6-error\" required><label for=\"wpforms-151-field_8\" aria-hidden=\"false\">Adres e-mail *<\/label><input type=\"email\" id=\"wpforms-151-field_8\" name=\"wpforms[fields][8]\" placeholder=\"Adres e-mail\" spellcheck=\"false\" aria-errormessage=\"wpforms-151-field_8-error\" required><label for=\"wpforms-151-field_9\" aria-hidden=\"false\">Telefon *<\/label><br \/>\n\t\t\t\t<input type=\"text\" placeholder=\"Telefon\" value=\"\" readonly><\/p>\n<fieldset>\n<legend aria-hidden=\"false\"><\/legend>\n<ul id=\"wpforms-151-field_11\">\n<li><input type=\"checkbox\" id=\"wpforms-151-field_11_1\" name=\"wpforms[fields][11][]\" value=\"Strona internetowa\" aria-errormessage=\"wpforms-151-field_11_1-error\"  ><label for=\"wpforms-151-field_11_1\">Strona internetowa<\/label><\/li>\n<li><input type=\"checkbox\" id=\"wpforms-151-field_11_2\" name=\"wpforms[fields][11][]\" value=\"Sklep internetowy\" aria-errormessage=\"wpforms-151-field_11_2-error\"  ><label for=\"wpforms-151-field_11_2\">Sklep internetowy<\/label><\/li>\n<li><input type=\"checkbox\" id=\"wpforms-151-field_11_3\" name=\"wpforms[fields][11][]\" value=\"Audyt i poprawa strony\" aria-errormessage=\"wpforms-151-field_11_3-error\"  ><label for=\"wpforms-151-field_11_3\">Audyt i poprawa strony<\/label><\/li>\n<\/ul>\n<\/fieldset>\n<p><label for=\"wpforms-151-field_13\" aria-hidden=\"false\">Kr\u00f3tki opis projektu<\/label><textarea id=\"wpforms-151-field_13\" name=\"wpforms[fields][13]\" placeholder=\"Kr\u00f3tki opis projektu\" aria-errormessage=\"wpforms-151-field_13-error\" ><\/textarea><!-- .wpforms-field-container --><input type=\"hidden\" name=\"wpforms[id]\" value=\"151\">\t\t\t<input\n\t\t\t\ttype=\"hidden\"\n\t\t\t\tname=\"wpforms[nonce]\"\n\t\t\t\tvalue=\"a9acf30784\"\n\t\t\t\/><br \/>\n\t\t\t<input type=\"hidden\" name=\"page_title\" value=\"{page_title}\"><input type=\"hidden\" name=\"page_url\" value=\"http:\/\/page_url\"><input type=\"hidden\" name=\"url_referer\" value=\"http:\/\/url_referer\"><button type=\"submit\" name=\"wpforms[submit]\" id=\"wpforms-submit-151\" data-alt-text=\"Wysy\u0142anie...\" data-submit-text=\"Wy\u015blij\" aria-live=\"assertive\" value=\"wpforms-submit\">Wy\u015blij<\/button><img loading=\"lazy\" decoding=\"async\" src=\"https:\/\/mar.marcinkapral.pl\/wp-content\/plugins\/wpforms\/assets\/images\/submit-spin.svg\" style=\"display: none;\" width=\"26\" height=\"26\" alt=\"Wczytywanie\"><\/form>\n<p>  <!-- .wpforms-container --><\/p>\n","protected":false},"excerpt":{"rendered":"<p>Marcin Kapral Twoja marka zas\u0142uguje na stron\u0119, obok kt\u00f3rej nie da si\u0119 przej\u015b\u0107 oboj\u0119tnie ! Cze\u015b\u0107! Nazywam si\u0119 Marcin Kapral\u00a0i pomagam firmom, markom osobistym oraz organizacjom zaistnie\u0107 w sieci. Projektuj\u0119 nowoczesne, szybkie i dopasowane do potrzeb strony internetowe \u2014 od prostych wizyt\u00f3wek po rozbudowane serwisy i sklepy online. Skonsultuj projekt lub Sprawd\u017a pe\u0142ny projekt Moje [&hellip;]<\/p>\n","protected":false},"author":2,"featured_media":0,"parent":0,"menu_order":0,"comment_status":"closed","ping_status":"closed","template":"","meta":{"footnotes":""},"class_list":["post-43","page","type-page","status-publish","hentry"],"_links":{"self":[{"href":"https:\/\/mar.marcinkapral.pl\/index.php?rest_route=\/wp\/v2\/pages\/43","targetHints":{"allow":["GET"]}}],"collection":[{"href":"https:\/\/mar.marcinkapral.pl\/index.php?rest_route=\/wp\/v2\/pages"}],"about":[{"href":"https:\/\/mar.marcinkapral.pl\/index.php?rest_route=\/wp\/v2\/types\/page"}],"author":[{"embeddable":true,"href":"https:\/\/mar.marcinkapral.pl\/index.php?rest_route=\/wp\/v2\/users\/2"}],"replies":[{"embeddable":true,"href":"https:\/\/mar.marcinkapral.pl\/index.php?rest_route=%2Fwp%2Fv2%2Fcomments&post=43"}],"version-history":[{"count":0,"href":"https:\/\/mar.marcinkapral.pl\/index.php?rest_route=\/wp\/v2\/pages\/43\/revisions"}],"wp:attachment":[{"href":"https:\/\/mar.marcinkapral.pl\/index.php?rest_route=%2Fwp%2Fv2%2Fmedia&parent=43"}],"curies":[{"name":"wp","href":"https:\/\/api.w.org\/{rel}","templated":true}]}}