{"id":8,"date":"2025-11-06T15:47:24","date_gmt":"2025-11-06T14:47:24","guid":{"rendered":"https:\/\/marcinkapral.pl\/?page_id=2"},"modified":"2025-11-06T15:47:24","modified_gmt":"2025-11-06T14:47:24","slug":"przykladowa-strona","status":"publish","type":"page","link":"https:\/\/mar.marcinkapral.pl\/?page_id=8","title":{"rendered":"O mnie"},"content":{"rendered":"<h1>O mnie<\/h1>\n<p data-start=\"217\" data-end=\"393\">Cze\u015b\u0107! Nazywam si\u0119 Marcin Kapral i zajmuj\u0119 si\u0119 tworzeniem nowoczesnych, funkcjonalnych stron i sklep\u00f3w internetowych , kt\u00f3re pomagaj\u0105 firmom i osobom prywatnym zaistnie\u0107 w sieci.<\/p>\n<p data-start=\"217\" data-end=\"393\">Wdra\u017cam strony oparte na WordPressie<strong data-start=\"446\" data-end=\"484\">, <\/strong>dbaj\u0105c nie tylko o ich wygl\u0105d, ale tak\u017ce o szybko\u015b\u0107 dzia\u0142ania, SEO i dostosowanie do urz\u0105dze\u0144 mobilnych.<\/p>\n<p data-start=\"639\" data-end=\"927\">W pracy najbardziej ceni\u0119 sobie prostot\u0119, estetyk\u0119 i u\u017cyteczno\u015b\u0107. Ka\u017cdy projekt traktuj\u0119 indywidualnie \u2014 dopasowuj\u0119 design i funkcjonalno\u015b\u0107 do potrzeb klienta, tak by strona nie tylko dobrze wygl\u0105da\u0142a, ale przede wszystkim przyci\u0105ga\u0142a u\u017cytkownik\u00f3w i budowa\u0142a wiarygodno\u015b\u0107 marki.<\/p>\n<p data-start=\"929\" data-end=\"1060\">Poza kodowaniem lubi\u0119 uczy\u0107 si\u0119 nowych technologii, testowa\u0107 narz\u0119dzia webowe i rozwija\u0107 swoje umiej\u0119tno\u015bci w zakresie UX\/UI.<\/p>\n<p>\t\t\t\t\t\t\t\t<a href=\"\/\"><br \/>\n\t\t\t\t\t\t\t\t\tSkonsultuj projekt<br \/>\n\t\t\t\t\t<\/a><\/p>\n<p>lub<\/p>\n<p>\t\t\t\t\t\t\t\t<a href=\"\/\"><br \/>\n\t\t\t\t\t\t\t\t\tSprawd\u017a moje realizacje<br \/>\n\t\t\t\t\t<\/a><\/p>\n","protected":false},"excerpt":{"rendered":"<p>O mnie Cze\u015b\u0107! Nazywam si\u0119 Marcin Kapral i zajmuj\u0119 si\u0119 tworzeniem nowoczesnych, funkcjonalnych stron i sklep\u00f3w internetowych , kt\u00f3re pomagaj\u0105 firmom i osobom prywatnym zaistnie\u0107 w sieci. Wdra\u017cam strony oparte na WordPressie, dbaj\u0105c nie tylko o ich wygl\u0105d, ale tak\u017ce o szybko\u015b\u0107 dzia\u0142ania, SEO i dostosowanie do urz\u0105dze\u0144 mobilnych. W pracy najbardziej ceni\u0119 sobie prostot\u0119, [&hellip;]<\/p>\n","protected":false},"author":2,"featured_media":0,"parent":0,"menu_order":0,"comment_status":"closed","ping_status":"open","template":"","meta":{"footnotes":""},"class_list":["post-8","page","type-page","status-publish","hentry"],"_links":{"self":[{"href":"https:\/\/mar.marcinkapral.pl\/index.php?rest_route=\/wp\/v2\/pages\/8","targetHints":{"allow":["GET"]}}],"collection":[{"href":"https:\/\/mar.marcinkapral.pl\/index.php?rest_route=\/wp\/v2\/pages"}],"about":[{"href":"https:\/\/mar.marcinkapral.pl\/index.php?rest_route=\/wp\/v2\/types\/page"}],"author":[{"embeddable":true,"href":"https:\/\/mar.marcinkapral.pl\/index.php?rest_route=\/wp\/v2\/users\/2"}],"replies":[{"embeddable":true,"href":"https:\/\/mar.marcinkapral.pl\/index.php?rest_route=%2Fwp%2Fv2%2Fcomments&post=8"}],"version-history":[{"count":0,"href":"https:\/\/mar.marcinkapral.pl\/index.php?rest_route=\/wp\/v2\/pages\/8\/revisions"}],"wp:attachment":[{"href":"https:\/\/mar.marcinkapral.pl\/index.php?rest_route=%2Fwp%2Fv2%2Fmedia&parent=8"}],"curies":[{"name":"wp","href":"https:\/\/api.w.org\/{rel}","templated":true}]}}